{"id":258,"date":"2020-04-09T22:19:30","date_gmt":"2020-04-09T20:19:30","guid":{"rendered":"http:\/\/www.evelynedegracia.com\/edg\/?page_id=258"},"modified":"2020-04-11T09:23:37","modified_gmt":"2020-04-11T07:23:37","slug":"autres-mots","status":"publish","type":"page","link":"https:\/\/www.evelynedegracia.com\/edg\/autres-mots\/","title":{"rendered":"Autres mots"},"content":{"rendered":"\t\t<div data-elementor-type=\"wp-page\" data-elementor-id=\"258\" class=\"elementor elementor-258\" data-elementor-post-type=\"page\">\n\t\t\t\t\t\t<section class=\"elementor-section elementor-top-section elementor-element elementor-element-1c17a7a7 elementor-section-stretched elementor-section-boxed elementor-section-height-default elementor-section-height-default\" data-id=\"1c17a7a7\" data-element_type=\"section\" data-e-type=\"section\" data-settings=\"{&quot;background_background&quot;:&quot;classic&quot;,&quot;stretch_section&quot;:&quot;section-stretched&quot;,&quot;shape_divider_top&quot;:&quot;triangle-asymmetrical&quot;,&quot;shape_divider_bottom&quot;:&quot;triangle-asymmetrical&quot;}\">\n\t\t\t\t\t\t\t<div class=\"elementor-background-overlay\"><\/div>\n\t\t\t\t\t\t<div class=\"elementor-shape elementor-shape-top\" aria-hidden=\"true\" data-negative=\"false\">\n\t\t\t<svg xmlns=\"http:\/\/www.w3.org\/2000\/svg\" viewBox=\"0 0 1000 100\" preserveAspectRatio=\"none\">\n\t<path class=\"elementor-shape-fill\" d=\"M738,99l262-93V0H0v5.6L738,99z\"\/>\n<\/svg>\t\t<\/div>\n\t\t\t\t<div class=\"elementor-shape elementor-shape-bottom\" aria-hidden=\"true\" data-negative=\"false\">\n\t\t\t<svg xmlns=\"http:\/\/www.w3.org\/2000\/svg\" viewBox=\"0 0 1000 100\" preserveAspectRatio=\"none\">\n\t<path class=\"elementor-shape-fill\" d=\"M738,99l262-93V0H0v5.6L738,99z\"\/>\n<\/svg>\t\t<\/div>\n\t\t\t\t\t<div class=\"elementor-container elementor-column-gap-default\">\n\t\t\t\t\t<div class=\"elementor-column elementor-col-100 elementor-top-column elementor-element elementor-element-6fdf8a31\" data-id=\"6fdf8a31\" data-element_type=\"column\" data-e-type=\"column\" data-settings=\"{&quot;background_background&quot;:&quot;classic&quot;}\">\n\t\t\t<div class=\"elementor-widget-wrap elementor-element-populated\">\n\t\t\t\t\t\t<section class=\"elementor-section elementor-inner-section elementor-element elementor-element-2cacf57d elementor-section-boxed elementor-section-height-default elementor-section-height-default\" data-id=\"2cacf57d\" data-element_type=\"section\" data-e-type=\"section\">\n\t\t\t\t\t\t<div class=\"elementor-container elementor-column-gap-default\">\n\t\t\t\t\t<div class=\"elementor-column elementor-col-100 elementor-inner-column elementor-element elementor-element-79e9f069\" data-id=\"79e9f069\" data-element_type=\"column\" data-e-type=\"column\">\n\t\t\t<div class=\"elementor-widget-wrap elementor-element-populated\">\n\t\t\t\t\t\t<div class=\"elementor-element elementor-element-7a016a38 envato-kit-138-bracket elementor-widget elementor-widget-heading\" data-id=\"7a016a38\" data-element_type=\"widget\" data-e-type=\"widget\" data-widget_type=\"heading.default\">\n\t\t\t\t<div class=\"elementor-widget-container\">\n\t\t\t\t\t<h3 class=\"elementor-heading-title elementor-size-default\">Avec un groupe d'\u00e9criture<\/h3>\t\t\t\t<\/div>\n\t\t\t\t<\/div>\n\t\t\t\t<div class=\"elementor-element elementor-element-305167b3 elementor-widget elementor-widget-heading\" data-id=\"305167b3\" data-element_type=\"widget\" data-e-type=\"widget\" data-widget_type=\"heading.default\">\n\t\t\t\t<div class=\"elementor-widget-container\">\n\t\t\t\t\t<h2 class=\"elementor-heading-title elementor-size-default\">Autres mots<\/h2>\t\t\t\t<\/div>\n\t\t\t\t<\/div>\n\t\t\t\t<div class=\"elementor-element elementor-element-1e4abfea elementor-widget-divider--view-line elementor-widget elementor-widget-divider\" data-id=\"1e4abfea\" data-element_type=\"widget\" data-e-type=\"widget\" data-widget_type=\"divider.default\">\n\t\t\t\t<div class=\"elementor-widget-container\">\n\t\t\t\t\t\t\t<div class=\"elementor-divider\">\n\t\t\t<span class=\"elementor-divider-separator\">\n\t\t\t\t\t\t<\/span>\n\t\t<\/div>\n\t\t\t\t\t\t<\/div>\n\t\t\t\t<\/div>\n\t\t\t\t<div class=\"elementor-element elementor-element-6b70e748 elementor-widget elementor-widget-text-editor\" data-id=\"6b70e748\" data-element_type=\"widget\" data-e-type=\"widget\" data-widget_type=\"text-editor.default\">\n\t\t\t\t<div class=\"elementor-widget-container\">\n\t\t\t\t\t\t\t\t\t<p>C\u2019\u00e9tait un jeu , le jeu d&rsquo;\u00e9motions o\u00f9 chaque participant envoyait un mot <br \/>et nous devions faire un court texte avec les mots de tous.<\/p>\t\t\t\t\t\t\t\t<\/div>\n\t\t\t\t<\/div>\n\t\t\t\t\t<\/div>\n\t\t<\/div>\n\t\t\t\t\t<\/div>\n\t\t<\/section>\n\t\t\t\t<div class=\"elementor-element elementor-element-5c4d8778 elementor-widget elementor-widget-spacer\" data-id=\"5c4d8778\" data-element_type=\"widget\" data-e-type=\"widget\" data-widget_type=\"spacer.default\">\n\t\t\t\t<div class=\"elementor-widget-container\">\n\t\t\t\t\t\t\t<div class=\"elementor-spacer\">\n\t\t\t<div class=\"elementor-spacer-inner\"><\/div>\n\t\t<\/div>\n\t\t\t\t\t\t<\/div>\n\t\t\t\t<\/div>\n\t\t\t\t<section class=\"elementor-section elementor-inner-section elementor-element elementor-element-2858c52f elementor-section-full_width elementor-section-height-default elementor-section-height-default\" data-id=\"2858c52f\" data-element_type=\"section\" data-e-type=\"section\">\n\t\t\t\t\t\t<div class=\"elementor-container elementor-column-gap-default\">\n\t\t\t\t\t<div class=\"elementor-column elementor-col-25 elementor-inner-column elementor-element elementor-element-3676215c\" data-id=\"3676215c\" data-element_type=\"column\" data-e-type=\"column\">\n\t\t\t<div class=\"elementor-widget-wrap elementor-element-populated\">\n\t\t\t\t\t\t<div class=\"elementor-element elementor-element-56fe8507 elementor-widget elementor-widget-image\" data-id=\"56fe8507\" data-element_type=\"widget\" data-e-type=\"widget\" data-widget_type=\"image.default\">\n\t\t\t\t<div class=\"elementor-widget-container\">\n\t\t\t\t\t\t\t\t\t\t\t\t\t\t\t\t<a href=\"http:\/\/www.evelynedegracia.com\/edg\/wp-content\/uploads\/2020\/04\/Autres-mots-Page-01.jpg\" data-elementor-open-lightbox=\"yes\" data-elementor-lightbox-title=\"Autres-mots-(Page-01)\" data-e-action-hash=\"#elementor-action%3Aaction%3Dlightbox%26settings%3DeyJpZCI6MTI4LCJ1cmwiOiJodHRwczpcL1wvd3d3LmV2ZWx5bmVkZWdyYWNpYS5jb21cL2VkZ1wvd3AtY29udGVudFwvdXBsb2Fkc1wvMjAyMFwvMDRcL0F1dHJlcy1tb3RzLVBhZ2UtMDEuanBnIn0%3D\">\n\t\t\t\t\t\t\t<img fetchpriority=\"high\" decoding=\"async\" width=\"216\" height=\"300\" src=\"https:\/\/www.evelynedegracia.com\/edg\/wp-content\/uploads\/2020\/04\/Autres-mots-Page-01-216x300.jpg\" class=\"attachment-medium size-medium wp-image-128\" alt=\"\" srcset=\"https:\/\/www.evelynedegracia.com\/edg\/wp-content\/uploads\/2020\/04\/Autres-mots-Page-01-216x300.jpg 216w, https:\/\/www.evelynedegracia.com\/edg\/wp-content\/uploads\/2020\/04\/Autres-mots-Page-01.jpg 640w\" sizes=\"(max-width: 216px) 100vw, 216px\" \/>\t\t\t\t\t\t\t\t<\/a>\n\t\t\t\t\t\t\t\t\t\t\t\t\t\t\t<\/div>\n\t\t\t\t<\/div>\n\t\t\t\t<div class=\"elementor-element elementor-element-5a1f4172 elementor-widget elementor-widget-image\" data-id=\"5a1f4172\" data-element_type=\"widget\" data-e-type=\"widget\" data-widget_type=\"image.default\">\n\t\t\t\t<div class=\"elementor-widget-container\">\n\t\t\t\t\t\t\t\t\t\t\t\t\t\t\t\t<a href=\"http:\/\/www.evelynedegracia.com\/edg\/wp-content\/uploads\/2020\/04\/jeu_mots.jpg\" data-elementor-open-lightbox=\"yes\" data-elementor-lightbox-title=\"jeu_mots\" data-e-action-hash=\"#elementor-action%3Aaction%3Dlightbox%26settings%3DeyJpZCI6Mzc0LCJ1cmwiOiJodHRwczpcL1wvd3d3LmV2ZWx5bmVkZWdyYWNpYS5jb21cL2VkZ1wvd3AtY29udGVudFwvdXBsb2Fkc1wvMjAyMFwvMDRcL2pldV9tb3RzLmpwZyJ9\">\n\t\t\t\t\t\t\t<img decoding=\"async\" width=\"206\" height=\"300\" src=\"https:\/\/www.evelynedegracia.com\/edg\/wp-content\/uploads\/2020\/04\/jeu_mots-206x300.jpg\" class=\"attachment-medium size-medium wp-image-374\" alt=\"\" srcset=\"https:\/\/www.evelynedegracia.com\/edg\/wp-content\/uploads\/2020\/04\/jeu_mots-206x300.jpg 206w, https:\/\/www.evelynedegracia.com\/edg\/wp-content\/uploads\/2020\/04\/jeu_mots.jpg 640w\" sizes=\"(max-width: 206px) 100vw, 206px\" \/>\t\t\t\t\t\t\t\t<\/a>\n\t\t\t\t\t\t\t\t\t\t\t\t\t\t\t<\/div>\n\t\t\t\t<\/div>\n\t\t\t\t<div class=\"elementor-element elementor-element-442b699e elementor-widget elementor-widget-image\" data-id=\"442b699e\" data-element_type=\"widget\" data-e-type=\"widget\" data-widget_type=\"image.default\">\n\t\t\t\t<div class=\"elementor-widget-container\">\n\t\t\t\t\t\t\t\t\t\t\t\t\t\t\t\t<a href=\"http:\/\/www.evelynedegracia.com\/edg\/wp-content\/uploads\/2020\/04\/Autres-mots-Page-09.jpg\" data-elementor-open-lightbox=\"yes\" data-elementor-lightbox-title=\"Autres-mots-(Page-09)\" data-e-action-hash=\"#elementor-action%3Aaction%3Dlightbox%26settings%3DeyJpZCI6MTM5LCJ1cmwiOiJodHRwczpcL1wvd3d3LmV2ZWx5bmVkZWdyYWNpYS5jb21cL2VkZ1wvd3AtY29udGVudFwvdXBsb2Fkc1wvMjAyMFwvMDRcL0F1dHJlcy1tb3RzLVBhZ2UtMDkuanBnIn0%3D\">\n\t\t\t\t\t\t\t<img decoding=\"async\" width=\"640\" height=\"889\" src=\"https:\/\/www.evelynedegracia.com\/edg\/wp-content\/uploads\/2020\/04\/Autres-mots-Page-09.jpg\" class=\"attachment-full size-full wp-image-139\" alt=\"\" srcset=\"https:\/\/www.evelynedegracia.com\/edg\/wp-content\/uploads\/2020\/04\/Autres-mots-Page-09.jpg 640w, https:\/\/www.evelynedegracia.com\/edg\/wp-content\/uploads\/2020\/04\/Autres-mots-Page-09-216x300.jpg 216w\" sizes=\"(max-width: 640px) 100vw, 640px\" \/>\t\t\t\t\t\t\t\t<\/a>\n\t\t\t\t\t\t\t\t\t\t\t\t\t\t\t<\/div>\n\t\t\t\t<\/div>\n\t\t\t\t<div class=\"elementor-element elementor-element-1af7f5a4 elementor-widget elementor-widget-image\" data-id=\"1af7f5a4\" data-element_type=\"widget\" data-e-type=\"widget\" data-widget_type=\"image.default\">\n\t\t\t\t<div class=\"elementor-widget-container\">\n\t\t\t\t\t\t\t\t\t\t\t\t\t\t\t\t<a href=\"http:\/\/www.evelynedegracia.com\/edg\/wp-content\/uploads\/2020\/04\/Autres_mots_14.jpg\" data-elementor-open-lightbox=\"yes\" data-elementor-lightbox-title=\"Autres_mots_14\" data-e-action-hash=\"#elementor-action%3Aaction%3Dlightbox%26settings%3DeyJpZCI6MTUwLCJ1cmwiOiJodHRwczpcL1wvd3d3LmV2ZWx5bmVkZWdyYWNpYS5jb21cL2VkZ1wvd3AtY29udGVudFwvdXBsb2Fkc1wvMjAyMFwvMDRcL0F1dHJlc19tb3RzXzE0LmpwZyJ9\">\n\t\t\t\t\t\t\t<img loading=\"lazy\" decoding=\"async\" width=\"640\" height=\"889\" src=\"https:\/\/www.evelynedegracia.com\/edg\/wp-content\/uploads\/2020\/04\/Autres_mots_14.jpg\" class=\"attachment-large size-large wp-image-150\" alt=\"\" srcset=\"https:\/\/www.evelynedegracia.com\/edg\/wp-content\/uploads\/2020\/04\/Autres_mots_14.jpg 640w, https:\/\/www.evelynedegracia.com\/edg\/wp-content\/uploads\/2020\/04\/Autres_mots_14-216x300.jpg 216w\" sizes=\"(max-width: 640px) 100vw, 640px\" \/>\t\t\t\t\t\t\t\t<\/a>\n\t\t\t\t\t\t\t\t\t\t\t\t\t\t\t<\/div>\n\t\t\t\t<\/div>\n\t\t\t\t\t<\/div>\n\t\t<\/div>\n\t\t\t\t<div class=\"elementor-column elementor-col-25 elementor-inner-column elementor-element elementor-element-3f66c0eb\" data-id=\"3f66c0eb\" data-element_type=\"column\" data-e-type=\"column\">\n\t\t\t<div class=\"elementor-widget-wrap elementor-element-populated\">\n\t\t\t\t\t\t<div class=\"elementor-element elementor-element-6ae99169 elementor-widget elementor-widget-image\" data-id=\"6ae99169\" data-element_type=\"widget\" data-e-type=\"widget\" data-widget_type=\"image.default\">\n\t\t\t\t<div class=\"elementor-widget-container\">\n\t\t\t\t\t\t\t\t\t\t\t\t\t\t\t\t<a href=\"http:\/\/www.evelynedegracia.com\/edg\/wp-content\/uploads\/2020\/04\/Autres-mots-Page-02.jpg\" data-elementor-open-lightbox=\"yes\" data-elementor-lightbox-title=\"Autres-mots-(Page-02)\" data-e-action-hash=\"#elementor-action%3Aaction%3Dlightbox%26settings%3DeyJpZCI6MTI5LCJ1cmwiOiJodHRwczpcL1wvd3d3LmV2ZWx5bmVkZWdyYWNpYS5jb21cL2VkZ1wvd3AtY29udGVudFwvdXBsb2Fkc1wvMjAyMFwvMDRcL0F1dHJlcy1tb3RzLVBhZ2UtMDIuanBnIn0%3D\">\n\t\t\t\t\t\t\t<img loading=\"lazy\" decoding=\"async\" width=\"640\" height=\"889\" src=\"https:\/\/www.evelynedegracia.com\/edg\/wp-content\/uploads\/2020\/04\/Autres-mots-Page-02.jpg\" class=\"attachment-2048x2048 size-2048x2048 wp-image-129\" alt=\"\" srcset=\"https:\/\/www.evelynedegracia.com\/edg\/wp-content\/uploads\/2020\/04\/Autres-mots-Page-02.jpg 640w, https:\/\/www.evelynedegracia.com\/edg\/wp-content\/uploads\/2020\/04\/Autres-mots-Page-02-216x300.jpg 216w\" sizes=\"(max-width: 640px) 100vw, 640px\" \/>\t\t\t\t\t\t\t\t<\/a>\n\t\t\t\t\t\t\t\t\t\t\t\t\t\t\t<\/div>\n\t\t\t\t<\/div>\n\t\t\t\t<div class=\"elementor-element elementor-element-2e0fdbee elementor-widget elementor-widget-image\" data-id=\"2e0fdbee\" data-element_type=\"widget\" data-e-type=\"widget\" data-widget_type=\"image.default\">\n\t\t\t\t<div class=\"elementor-widget-container\">\n\t\t\t\t\t\t\t\t\t\t\t\t\t\t\t\t<a href=\"http:\/\/www.evelynedegracia.com\/edg\/wp-content\/uploads\/2020\/04\/Autres-mots-Page-07.jpg\" data-elementor-open-lightbox=\"yes\" data-elementor-lightbox-title=\"Autres-mots-(Page-07)\" data-e-action-hash=\"#elementor-action%3Aaction%3Dlightbox%26settings%3DeyJpZCI6MTM2LCJ1cmwiOiJodHRwczpcL1wvd3d3LmV2ZWx5bmVkZWdyYWNpYS5jb21cL2VkZ1wvd3AtY29udGVudFwvdXBsb2Fkc1wvMjAyMFwvMDRcL0F1dHJlcy1tb3RzLVBhZ2UtMDcuanBnIn0%3D\">\n\t\t\t\t\t\t\t<img decoding=\"async\" src=\"https:\/\/www.evelynedegracia.com\/edg\/wp-content\/uploads\/elementor\/thumbs\/Autres-mots-Page-07-ontob3dwlu4igd57ahdm978xh744zlwjck0sau9iuw.jpg\" title=\"Autres-mots-(Page-07)\" alt=\"Autres-mots-(Page-07)\" loading=\"lazy\" \/>\t\t\t\t\t\t\t\t<\/a>\n\t\t\t\t\t\t\t\t\t\t\t\t\t\t\t<\/div>\n\t\t\t\t<\/div>\n\t\t\t\t<div class=\"elementor-element elementor-element-3e175c15 elementor-widget elementor-widget-image\" data-id=\"3e175c15\" data-element_type=\"widget\" data-e-type=\"widget\" data-widget_type=\"image.default\">\n\t\t\t\t<div class=\"elementor-widget-container\">\n\t\t\t\t\t\t\t\t\t\t\t\t\t\t\t\t<a href=\"http:\/\/www.evelynedegracia.com\/edg\/wp-content\/uploads\/2020\/04\/Autres-mots-Page-10.jpg\" data-elementor-open-lightbox=\"yes\" data-elementor-lightbox-title=\"Autres-mots-(Page-10)\" data-e-action-hash=\"#elementor-action%3Aaction%3Dlightbox%26settings%3DeyJpZCI6MTQxLCJ1cmwiOiJodHRwczpcL1wvd3d3LmV2ZWx5bmVkZWdyYWNpYS5jb21cL2VkZ1wvd3AtY29udGVudFwvdXBsb2Fkc1wvMjAyMFwvMDRcL0F1dHJlcy1tb3RzLVBhZ2UtMTAuanBnIn0%3D\">\n\t\t\t\t\t\t\t<img loading=\"lazy\" decoding=\"async\" width=\"640\" height=\"889\" src=\"https:\/\/www.evelynedegracia.com\/edg\/wp-content\/uploads\/2020\/04\/Autres-mots-Page-10.jpg\" class=\"attachment-full size-full wp-image-141\" alt=\"\" srcset=\"https:\/\/www.evelynedegracia.com\/edg\/wp-content\/uploads\/2020\/04\/Autres-mots-Page-10.jpg 640w, https:\/\/www.evelynedegracia.com\/edg\/wp-content\/uploads\/2020\/04\/Autres-mots-Page-10-216x300.jpg 216w\" sizes=\"(max-width: 640px) 100vw, 640px\" \/>\t\t\t\t\t\t\t\t<\/a>\n\t\t\t\t\t\t\t\t\t\t\t\t\t\t\t<\/div>\n\t\t\t\t<\/div>\n\t\t\t\t<div class=\"elementor-element elementor-element-297066d5 elementor-widget elementor-widget-image\" data-id=\"297066d5\" data-element_type=\"widget\" data-e-type=\"widget\" data-widget_type=\"image.default\">\n\t\t\t\t<div class=\"elementor-widget-container\">\n\t\t\t\t\t\t\t\t\t\t\t\t\t\t\t\t<a href=\"http:\/\/www.evelynedegracia.com\/edg\/wp-content\/uploads\/2020\/04\/autres_mots-Page-16.jpg\" data-elementor-open-lightbox=\"yes\" data-elementor-lightbox-title=\"autres_mots-(Page-16)\" data-e-action-hash=\"#elementor-action%3Aaction%3Dlightbox%26settings%3DeyJpZCI6MTUyLCJ1cmwiOiJodHRwczpcL1wvd3d3LmV2ZWx5bmVkZWdyYWNpYS5jb21cL2VkZ1wvd3AtY29udGVudFwvdXBsb2Fkc1wvMjAyMFwvMDRcL2F1dHJlc19tb3RzLVBhZ2UtMTYuanBnIn0%3D\">\n\t\t\t\t\t\t\t<img decoding=\"async\" src=\"https:\/\/www.evelynedegracia.com\/edg\/wp-content\/uploads\/elementor\/thumbs\/autres_mots-Page-16-ontrf6n27iyej1qhsuqcvwgy03ill5ihei7xly1jco.jpg\" title=\"autres_mots-(Page-16)\" alt=\"autres_mots-(Page-16)\" loading=\"lazy\" \/>\t\t\t\t\t\t\t\t<\/a>\n\t\t\t\t\t\t\t\t\t\t\t\t\t\t\t<\/div>\n\t\t\t\t<\/div>\n\t\t\t\t\t<\/div>\n\t\t<\/div>\n\t\t\t\t<div class=\"elementor-column elementor-col-25 elementor-inner-column elementor-element elementor-element-1c641615\" data-id=\"1c641615\" data-element_type=\"column\" data-e-type=\"column\">\n\t\t\t<div class=\"elementor-widget-wrap elementor-element-populated\">\n\t\t\t\t\t\t<div class=\"elementor-element elementor-element-106976df elementor-widget elementor-widget-image\" data-id=\"106976df\" data-element_type=\"widget\" data-e-type=\"widget\" data-widget_type=\"image.default\">\n\t\t\t\t<div class=\"elementor-widget-container\">\n\t\t\t\t\t\t\t\t\t\t\t\t\t\t\t\t<a href=\"http:\/\/www.evelynedegracia.com\/edg\/wp-content\/uploads\/2020\/04\/Autres-mots-Page-03.jpg\" data-elementor-open-lightbox=\"yes\" data-elementor-lightbox-title=\"Autres-mots-(Page-03)\" data-e-action-hash=\"#elementor-action%3Aaction%3Dlightbox%26settings%3DeyJpZCI6MTMwLCJ1cmwiOiJodHRwczpcL1wvd3d3LmV2ZWx5bmVkZWdyYWNpYS5jb21cL2VkZ1wvd3AtY29udGVudFwvdXBsb2Fkc1wvMjAyMFwvMDRcL0F1dHJlcy1tb3RzLVBhZ2UtMDMuanBnIn0%3D\">\n\t\t\t\t\t\t\t<img decoding=\"async\" src=\"https:\/\/www.evelynedegracia.com\/edg\/wp-content\/uploads\/elementor\/thumbs\/Autres-mots-Page-03-onto4xjz70amje0k2d22upsyrldp75u0w5rlyu5tms.jpg\" title=\"Autres-mots-(Page-03)\" alt=\"Autres-mots-(Page-03)\" loading=\"lazy\" \/>\t\t\t\t\t\t\t\t<\/a>\n\t\t\t\t\t\t\t\t\t\t\t\t\t\t\t<\/div>\n\t\t\t\t<\/div>\n\t\t\t\t<div class=\"elementor-element elementor-element-434cdb44 elementor-widget elementor-widget-image\" data-id=\"434cdb44\" data-element_type=\"widget\" data-e-type=\"widget\" data-widget_type=\"image.default\">\n\t\t\t\t<div class=\"elementor-widget-container\">\n\t\t\t\t\t\t\t\t\t\t\t\t\t\t\t\t<a href=\"http:\/\/www.evelynedegracia.com\/edg\/wp-content\/uploads\/2020\/04\/Autres-mots-Page-05.jpg\" data-elementor-open-lightbox=\"yes\" data-elementor-lightbox-title=\"Autres-mots-(Page-05)\" data-e-action-hash=\"#elementor-action%3Aaction%3Dlightbox%26settings%3DeyJpZCI6MTMyLCJ1cmwiOiJodHRwczpcL1wvd3d3LmV2ZWx5bmVkZWdyYWNpYS5jb21cL2VkZ1wvd3AtY29udGVudFwvdXBsb2Fkc1wvMjAyMFwvMDRcL0F1dHJlcy1tb3RzLVBhZ2UtMDUuanBnIn0%3D\">\n\t\t\t\t\t\t\t<img loading=\"lazy\" decoding=\"async\" width=\"640\" height=\"913\" src=\"https:\/\/www.evelynedegracia.com\/edg\/wp-content\/uploads\/2020\/04\/Autres-mots-Page-05.jpg\" class=\"attachment-full size-full wp-image-132\" alt=\"\" srcset=\"https:\/\/www.evelynedegracia.com\/edg\/wp-content\/uploads\/2020\/04\/Autres-mots-Page-05.jpg 640w, https:\/\/www.evelynedegracia.com\/edg\/wp-content\/uploads\/2020\/04\/Autres-mots-Page-05-210x300.jpg 210w\" sizes=\"(max-width: 640px) 100vw, 640px\" \/>\t\t\t\t\t\t\t\t<\/a>\n\t\t\t\t\t\t\t\t\t\t\t\t\t\t\t<\/div>\n\t\t\t\t<\/div>\n\t\t\t\t<div class=\"elementor-element elementor-element-51658793 elementor-widget elementor-widget-image\" data-id=\"51658793\" data-element_type=\"widget\" data-e-type=\"widget\" data-widget_type=\"image.default\">\n\t\t\t\t<div class=\"elementor-widget-container\">\n\t\t\t\t\t\t\t\t\t\t\t\t\t\t\t\t<a href=\"http:\/\/www.evelynedegracia.com\/edg\/wp-content\/uploads\/2020\/04\/autres_mots_13.jpg\" data-elementor-open-lightbox=\"yes\" data-elementor-lightbox-title=\"autres_mots_13\" data-e-action-hash=\"#elementor-action%3Aaction%3Dlightbox%26settings%3DeyJpZCI6MTQ5LCJ1cmwiOiJodHRwczpcL1wvd3d3LmV2ZWx5bmVkZWdyYWNpYS5jb21cL2VkZ1wvd3AtY29udGVudFwvdXBsb2Fkc1wvMjAyMFwvMDRcL2F1dHJlc19tb3RzXzEzLmpwZyJ9\">\n\t\t\t\t\t\t\t<img decoding=\"async\" src=\"https:\/\/www.evelynedegracia.com\/edg\/wp-content\/uploads\/elementor\/thumbs\/autres_mots_13-ontrbjzh7mlm4jljyd5uytxp3siv6ahixdzru9g4vs.jpg\" title=\"autres_mots_13\" alt=\"autres_mots_13\" loading=\"lazy\" \/>\t\t\t\t\t\t\t\t<\/a>\n\t\t\t\t\t\t\t\t\t\t\t\t\t\t\t<\/div>\n\t\t\t\t<\/div>\n\t\t\t\t<div class=\"elementor-element elementor-element-2a99a28 elementor-widget elementor-widget-image\" data-id=\"2a99a28\" data-element_type=\"widget\" data-e-type=\"widget\" data-widget_type=\"image.default\">\n\t\t\t\t<div class=\"elementor-widget-container\">\n\t\t\t\t\t\t\t\t\t\t\t\t\t\t\t\t<a href=\"http:\/\/www.evelynedegracia.com\/edg\/wp-content\/uploads\/2020\/04\/autres_mots_15.jpg\" data-elementor-open-lightbox=\"yes\" data-elementor-lightbox-title=\"autres_mots_15\" data-e-action-hash=\"#elementor-action%3Aaction%3Dlightbox%26settings%3DeyJpZCI6MTUxLCJ1cmwiOiJodHRwczpcL1wvd3d3LmV2ZWx5bmVkZWdyYWNpYS5jb21cL2VkZ1wvd3AtY29udGVudFwvdXBsb2Fkc1wvMjAyMFwvMDRcL2F1dHJlc19tb3RzXzE1LmpwZyJ9\">\n\t\t\t\t\t\t\t<img loading=\"lazy\" decoding=\"async\" width=\"640\" height=\"889\" src=\"https:\/\/www.evelynedegracia.com\/edg\/wp-content\/uploads\/2020\/04\/autres_mots_15.jpg\" class=\"attachment-large size-large wp-image-151\" alt=\"\" srcset=\"https:\/\/www.evelynedegracia.com\/edg\/wp-content\/uploads\/2020\/04\/autres_mots_15.jpg 640w, https:\/\/www.evelynedegracia.com\/edg\/wp-content\/uploads\/2020\/04\/autres_mots_15-216x300.jpg 216w\" sizes=\"(max-width: 640px) 100vw, 640px\" \/>\t\t\t\t\t\t\t\t<\/a>\n\t\t\t\t\t\t\t\t\t\t\t\t\t\t\t<\/div>\n\t\t\t\t<\/div>\n\t\t\t\t\t<\/div>\n\t\t<\/div>\n\t\t\t\t<div class=\"elementor-column elementor-col-25 elementor-inner-column elementor-element elementor-element-1fc27cdf\" data-id=\"1fc27cdf\" data-element_type=\"column\" data-e-type=\"column\">\n\t\t\t<div class=\"elementor-widget-wrap elementor-element-populated\">\n\t\t\t\t\t\t<div class=\"elementor-element elementor-element-7a6af56 elementor-widget elementor-widget-image\" data-id=\"7a6af56\" data-element_type=\"widget\" data-e-type=\"widget\" data-widget_type=\"image.default\">\n\t\t\t\t<div class=\"elementor-widget-container\">\n\t\t\t\t\t\t\t\t\t\t\t\t\t\t\t\t<a href=\"http:\/\/www.evelynedegracia.com\/edg\/wp-content\/uploads\/2020\/04\/Autres-mots-Page-04.jpg\" data-elementor-open-lightbox=\"yes\" data-elementor-lightbox-title=\"Autres-mots-(Page-04)\" data-e-action-hash=\"#elementor-action%3Aaction%3Dlightbox%26settings%3DeyJpZCI6MTMxLCJ1cmwiOiJodHRwczpcL1wvd3d3LmV2ZWx5bmVkZWdyYWNpYS5jb21cL2VkZ1wvd3AtY29udGVudFwvdXBsb2Fkc1wvMjAyMFwvMDRcL0F1dHJlcy1tb3RzLVBhZ2UtMDQuanBnIn0%3D\">\n\t\t\t\t\t\t\t<img loading=\"lazy\" decoding=\"async\" width=\"640\" height=\"889\" src=\"https:\/\/www.evelynedegracia.com\/edg\/wp-content\/uploads\/2020\/04\/Autres-mots-Page-04.jpg\" class=\"attachment-full size-full wp-image-131\" alt=\"\" srcset=\"https:\/\/www.evelynedegracia.com\/edg\/wp-content\/uploads\/2020\/04\/Autres-mots-Page-04.jpg 640w, https:\/\/www.evelynedegracia.com\/edg\/wp-content\/uploads\/2020\/04\/Autres-mots-Page-04-216x300.jpg 216w\" sizes=\"(max-width: 640px) 100vw, 640px\" \/>\t\t\t\t\t\t\t\t<\/a>\n\t\t\t\t\t\t\t\t\t\t\t\t\t\t\t<\/div>\n\t\t\t\t<\/div>\n\t\t\t\t<div class=\"elementor-element elementor-element-cef0561 elementor-widget elementor-widget-image\" data-id=\"cef0561\" data-element_type=\"widget\" data-e-type=\"widget\" data-widget_type=\"image.default\">\n\t\t\t\t<div class=\"elementor-widget-container\">\n\t\t\t\t\t\t\t\t\t\t\t\t\t\t\t\t<a href=\"http:\/\/www.evelynedegracia.com\/edg\/wp-content\/uploads\/2020\/04\/Autres-mots-Page-08.jpg\" data-elementor-open-lightbox=\"yes\" data-elementor-lightbox-title=\"Autres-mots-(Page-08)\" data-e-action-hash=\"#elementor-action%3Aaction%3Dlightbox%26settings%3DeyJpZCI6MTM3LCJ1cmwiOiJodHRwczpcL1wvd3d3LmV2ZWx5bmVkZWdyYWNpYS5jb21cL2VkZ1wvd3AtY29udGVudFwvdXBsb2Fkc1wvMjAyMFwvMDRcL0F1dHJlcy1tb3RzLVBhZ2UtMDguanBnIn0%3D\">\n\t\t\t\t\t\t\t<img decoding=\"async\" src=\"https:\/\/www.evelynedegracia.com\/edg\/wp-content\/uploads\/elementor\/thumbs\/Autres-mots-Page-08-ontoe4f6mm9rv4qtlsicafqedw6pshxefjp3yxrut4.jpg\" title=\"Autres-mots-(Page-08)\" alt=\"Autres-mots-(Page-08)\" loading=\"lazy\" \/>\t\t\t\t\t\t\t\t<\/a>\n\t\t\t\t\t\t\t\t\t\t\t\t\t\t\t<\/div>\n\t\t\t\t<\/div>\n\t\t\t\t<div class=\"elementor-element elementor-element-4c5bc9e elementor-widget elementor-widget-image\" data-id=\"4c5bc9e\" data-element_type=\"widget\" data-e-type=\"widget\" data-widget_type=\"image.default\">\n\t\t\t\t<div class=\"elementor-widget-container\">\n\t\t\t\t\t\t\t\t\t\t\t\t\t\t\t\t<a href=\"http:\/\/www.evelynedegracia.com\/edg\/wp-content\/uploads\/2020\/04\/autres_mots_11.jpg\" data-elementor-open-lightbox=\"yes\" data-elementor-lightbox-title=\"autres_mots_11\" data-e-action-hash=\"#elementor-action%3Aaction%3Dlightbox%26settings%3DeyJpZCI6MTQyLCJ1cmwiOiJodHRwczpcL1wvd3d3LmV2ZWx5bmVkZWdyYWNpYS5jb21cL2VkZ1wvd3AtY29udGVudFwvdXBsb2Fkc1wvMjAyMFwvMDRcL2F1dHJlc19tb3RzXzExLmpwZyJ9\">\n\t\t\t\t\t\t\t<img loading=\"lazy\" decoding=\"async\" width=\"640\" height=\"889\" src=\"https:\/\/www.evelynedegracia.com\/edg\/wp-content\/uploads\/2020\/04\/autres_mots_11.jpg\" class=\"attachment-full size-full wp-image-142\" alt=\"\" srcset=\"https:\/\/www.evelynedegracia.com\/edg\/wp-content\/uploads\/2020\/04\/autres_mots_11.jpg 640w, https:\/\/www.evelynedegracia.com\/edg\/wp-content\/uploads\/2020\/04\/autres_mots_11-216x300.jpg 216w\" sizes=\"(max-width: 640px) 100vw, 640px\" \/>\t\t\t\t\t\t\t\t<\/a>\n\t\t\t\t\t\t\t\t\t\t\t\t\t\t\t<\/div>\n\t\t\t\t<\/div>\n\t\t\t\t<div class=\"elementor-element elementor-element-8bd3846 elementor-widget elementor-widget-image\" data-id=\"8bd3846\" data-element_type=\"widget\" data-e-type=\"widget\" data-widget_type=\"image.default\">\n\t\t\t\t<div class=\"elementor-widget-container\">\n\t\t\t\t\t\t\t\t\t\t\t\t\t\t\t\t<a href=\"http:\/\/www.evelynedegracia.com\/edg\/wp-content\/uploads\/2020\/04\/autres_mots_12.jpg\" data-elementor-open-lightbox=\"yes\" data-elementor-lightbox-title=\"autres_mots_12\" data-e-action-hash=\"#elementor-action%3Aaction%3Dlightbox%26settings%3DeyJpZCI6MTQzLCJ1cmwiOiJodHRwczpcL1wvd3d3LmV2ZWx5bmVkZWdyYWNpYS5jb21cL2VkZ1wvd3AtY29udGVudFwvdXBsb2Fkc1wvMjAyMFwvMDRcL2F1dHJlc19tb3RzXzEyLmpwZyJ9\">\n\t\t\t\t\t\t\t<img decoding=\"async\" src=\"https:\/\/www.evelynedegracia.com\/edg\/wp-content\/uploads\/elementor\/thumbs\/autres_mots_12-ontoisob7w2161d5cqbwz8s31m14r93mdu0oxotid4.jpg\" title=\"autres_mots_12\" alt=\"autres_mots_12\" loading=\"lazy\" \/>\t\t\t\t\t\t\t\t<\/a>\n\t\t\t\t\t\t\t\t\t\t\t\t\t\t\t<\/div>\n\t\t\t\t<\/div>\n\t\t\t\t\t<\/div>\n\t\t<\/div>\n\t\t\t\t\t<\/div>\n\t\t<\/section>\n\t\t\t\t\t<\/div>\n\t\t<\/div>\n\t\t\t\t\t<\/div>\n\t\t<\/section>\n\t\t\t\t<\/div>\n\t\t","protected":false},"excerpt":{"rendered":"<p>Avec un groupe d&rsquo;\u00e9criture Autres mots C\u2019\u00e9tait un jeu , le jeu d&rsquo;\u00e9motions o\u00f9 chaque participant envoyait un mot et nous devions faire un court texte avec les mots de tous.<\/p>\n","protected":false},"author":1,"featured_media":0,"parent":0,"menu_order":0,"comment_status":"closed","ping_status":"closed","template":"","meta":{"footnotes":""},"class_list":["post-258","page","type-page","status-publish","hentry"],"_links":{"self":[{"href":"https:\/\/www.evelynedegracia.com\/edg\/wp-json\/wp\/v2\/pages\/258","targetHints":{"allow":["GET"]}}],"collection":[{"href":"https:\/\/www.evelynedegracia.com\/edg\/wp-json\/wp\/v2\/pages"}],"about":[{"href":"https:\/\/www.evelynedegracia.com\/edg\/wp-json\/wp\/v2\/types\/page"}],"author":[{"embeddable":true,"href":"https:\/\/www.evelynedegracia.com\/edg\/wp-json\/wp\/v2\/users\/1"}],"replies":[{"embeddable":true,"href":"https:\/\/www.evelynedegracia.com\/edg\/wp-json\/wp\/v2\/comments?post=258"}],"version-history":[{"count":8,"href":"https:\/\/www.evelynedegracia.com\/edg\/wp-json\/wp\/v2\/pages\/258\/revisions"}],"predecessor-version":[{"id":378,"href":"https:\/\/www.evelynedegracia.com\/edg\/wp-json\/wp\/v2\/pages\/258\/revisions\/378"}],"wp:attachment":[{"href":"https:\/\/www.evelynedegracia.com\/edg\/wp-json\/wp\/v2\/media?parent=258"}],"curies":[{"name":"wp","href":"https:\/\/api.w.org\/{rel}","templated":true}]}}